{"id":868,"date":"2022-08-07T08:24:24","date_gmt":"2022-08-07T06:24:24","guid":{"rendered":"https:\/\/testen.brandan.ch\/?page_id=868"},"modified":"2022-08-12T17:04:03","modified_gmt":"2022-08-12T15:04:03","slug":"liebeskrieger","status":"publish","type":"page","link":"https:\/\/testen.brandan.ch\/?page_id=868","title":{"rendered":"Liebeskrieger"},"content":{"rendered":"<h1>Die Liebeskrieger des Nachthimmels<\/h1>\n<p>&nbsp;<\/p>\n<p>In der unendlichen Weite des Nachtshimmels liegt viel seelisches Wissen \u00fcber Menschen, Pflanzen, Tiere und die Erde. Es ist mit einer gewaltigen Herzens- und Transformationskraft verbunden. Es hilft dabei, Menschen und die Erde aus alten Blockaden zu l\u00f6sen und die innere Weite und Verbundenheit mit allem, die in jedem vorhanden ist, zu wecken und zu st\u00e4rken.<\/p>\n<p>&nbsp;<\/p>\n<h4><img loading=\"lazy\" decoding=\"async\" class=\" wp-image-907 alignleft\" src=\"https:\/\/testen.brandan.ch\/wp-content\/uploads\/2022\/08\/slider_kt_start.png\" alt=\"\" width=\"184\" height=\"130\" srcset=\"https:\/\/testen.brandan.ch\/wp-content\/uploads\/2022\/08\/slider_kt_start.png 347w, https:\/\/testen.brandan.ch\/wp-content\/uploads\/2022\/08\/slider_kt_start-300x212.png 300w, https:\/\/testen.brandan.ch\/wp-content\/uploads\/2022\/08\/slider_kt_start-150x106.png 150w\" sizes=\"auto, (max-width: 184px) 100vw, 184px\" \/>Dein Kristalltempel<\/h4>\n<p>&nbsp;<\/p>\n<p>Dein Kristalltempel verbindet Dich mit einer Herzens- und Seelenkraft, die ausserhalb des Denkens liegt und nur mit dem Herzen erfassbar ist. In ihm findest Du eine neue innere Weite und viele Seelenst\u00e4rken, um Dich und andere auf ihrem Weg zu unterst\u00fctzen. Er hilft Dir, das Leben JETZT mehr zu geniessen und die emotionalen Einfl\u00fcsse ruhiger und gelassener zu nehmen. Aus dieser Kraft kann eine Herzensausrichtung und innere F\u00fchrungsst\u00e4rke entstehen die auch dabei hilft, den Weg nicht zu verlieren.<\/p>\n<p>&nbsp;<\/p>\n<p><img loading=\"lazy\" decoding=\"async\" class=\" wp-image-894 alignright\" src=\"https:\/\/testen.brandan.ch\/wp-content\/uploads\/2022\/08\/grafik_kt_spueren-1.png\" alt=\"\" width=\"111\" height=\"157\" srcset=\"https:\/\/testen.brandan.ch\/wp-content\/uploads\/2022\/08\/grafik_kt_spueren-1.png 235w, https:\/\/testen.brandan.ch\/wp-content\/uploads\/2022\/08\/grafik_kt_spueren-1-212x300.png 212w, https:\/\/testen.brandan.ch\/wp-content\/uploads\/2022\/08\/grafik_kt_spueren-1-106x150.png 106w\" sizes=\"auto, (max-width: 111px) 100vw, 111px\" \/>Oft sind unsere Werte, Handlungen und unser Sein vom Denken gepr\u00e4gt. Viele \u00c4ngste hindern uns oft, unsere Lebensfreude zu leben. Dies \u00e4ndert sich, wenn wir uns auf unsere Herzenskraft einlassen. Die Gedanken erhalten dann eine langfristige Dauer und das Leben bekommt eine tiefgr\u00fcndigere Bedeutung.\u00a0 Der Alltag belastet uns weniger und \u00c4nste bekommen die Chance, sich zu wandeln. Die Freude am Leben und am Miteinander kann wachsen. Die inneren Gewichtungen, die Stress und Unruhe verursachen k\u00f6nnen, erhalten die M\u00f6glichkeit, sich zu verschieden und Ruhe, Freiheit und Frieden mehr Raum zu geben.<\/p>\n<p>&nbsp;<\/p>\n<p>&nbsp;<\/p>\n<h4><img loading=\"lazy\" decoding=\"async\" class=\"wp-image-908 alignleft\" src=\"https:\/\/testen.brandan.ch\/wp-content\/uploads\/2022\/08\/slider_wissen_start.png\" alt=\"\" width=\"199\" height=\"141\" srcset=\"https:\/\/testen.brandan.ch\/wp-content\/uploads\/2022\/08\/slider_wissen_start.png 348w, https:\/\/testen.brandan.ch\/wp-content\/uploads\/2022\/08\/slider_wissen_start-300x212.png 300w, https:\/\/testen.brandan.ch\/wp-content\/uploads\/2022\/08\/slider_wissen_start-150x106.png 150w\" sizes=\"auto, (max-width: 199px) 100vw, 199px\" \/>Kristall-Caoches &#8211; Dein heilerisches Wissen<\/h4>\n<p>&nbsp;<\/p>\n<p>Die kristallklare Transformationskraft des Nachthimmels hilft Dir, im Alltag Dich und andere Menschen auf ihrem Weg zu unterst\u00fctzen. Die ganzheitliche Betrachtungsweise erm\u00f6glicht Dir, Blockaden im gesamten Energiesystem zu erkennen, zu l\u00f6sen und innere Wege zu \u00f6ffnen. Die Weite, Tiefe und Verbundenheit kann sp\u00fcrbar und erfahrbar werden und neue Ideen k\u00f6nnen entstehen.<\/p>\n<p>&nbsp;<\/p>\n<p>Im Seminar wirst Du an deine schlummernden F\u00e4higkeiten gef\u00fchrt und mit Deiner Wissensbibliothek verbunden Dabei k\u00f6nnen sich alte Hindernisse l\u00f6sen und M\u00f6glichkeiten und Potentiale in Dir frei werden, die bisher verborgen in Dir geschlummert haben.<\/p>\n<p>&nbsp;<\/p>\n<h4><img loading=\"lazy\" decoding=\"async\" class=\"wp-image-866 alignleft\" src=\"https:\/\/testen.brandan.ch\/wp-content\/uploads\/2022\/07\/bra_slider_ws_scham_start.png\" alt=\"\" width=\"214\" height=\"151\" srcset=\"https:\/\/testen.brandan.ch\/wp-content\/uploads\/2022\/07\/bra_slider_ws_scham_start.png 347w, https:\/\/testen.brandan.ch\/wp-content\/uploads\/2022\/07\/bra_slider_ws_scham_start-300x212.png 300w, https:\/\/testen.brandan.ch\/wp-content\/uploads\/2022\/07\/bra_slider_ws_scham_start-150x106.png 150w\" sizes=\"auto, (max-width: 214px) 100vw, 214px\" \/>Kristall-Schamanen &#8211; Dein schamanisches Wissen<\/h4>\n<p>&nbsp;<\/p>\n<p>Die Erde ver\u00e4ndert sich und ihre Schwingung wird eine h\u00f6here. Die neuen Schwingungen gleiten durch sogenannte kristalline Energiebahnen, die eine h\u00f6here Frequenz erm\u00f6glichen. Kristalline Kraftpl\u00e4tze und G\u00e4rten entstehen und viele schlummernde Kraftpl\u00e4tze erwachen zum Leben.<\/p>\n<p>&nbsp;<\/p>\n<p>In allen Menschen schlummern diese kristallinen Kommunikationskan\u00e4le zur Natur, die es erm\u00f6glichen, mit der Natur und der Erde auf einer neuen inneren Ebene wie mit Menschen zu kommunizieren. Oft sind diese Kan\u00e4le eingeschlafen und funktionieren nicht mehr richtig. Die Weite und der Frieden des Nachthimmels helfen, diese kristallinen Kan\u00e4le zu \u00f6ffnen, so dass das Wahrnehmen der Natur und ihren Wesen und die Verbindung zu ihnen tiefer wird. Viele Esswaren k\u00f6nnen damit gereinigt werden, neue Kratpl\u00e4tze k\u00f6nnen einfacher erkannt und genossen werden oder die Kommunikation zu den uns umgebenden Wesen und der Erde kann vereinfacht werden.<\/p>\n","protected":false},"excerpt":{"rendered":"<p>Die Liebeskrieger des Nachthimmels &nbsp; In der unendlichen Weite des Nachtshimmels liegt viel seelisches Wissen \u00fcber Menschen, Pflanzen, Tiere und die Erde. Es ist mit einer gewaltigen Herzens- und Transformationskraft verbunden. Es hilft dabei, Menschen und die Erde aus alten Blockaden zu l\u00f6sen und die innere Weite und Verbundenheit mit allem, die in jedem vorhanden ist, zu wecken und zu st\u00e4rken. &nbsp; Dein Kristalltempel &nbsp; Dein Kristalltempel verbindet Dich mit einer Herzens- und Seelenkraft, die ausserhalb des Denkens liegt und nur mit dem Herzen erfassbar ist. In ihm findest Du eine neue innere Weite und viele Seelenst\u00e4rken, um Dich und andere auf ihrem Weg zu unterst\u00fctzen. Er hilft Dir, das Leben JETZT mehr zu geniessen und die emotionalen Einfl\u00fcsse ruhiger und gelassener zu nehmen. Aus dieser Kraft kann eine Herzensausrichtung und innere F\u00fchrungsst\u00e4rke entstehen die auch dabei hilft, den Weg nicht zu verlieren. &nbsp; Oft sind unsere Werte, Handlungen und unser Sein vom Denken gepr\u00e4gt. Viele \u00c4ngste hindern uns oft, unsere Lebensfreude zu leben. Dies \u00e4ndert sich, wenn wir uns auf unsere Herzenskraft einlassen. Die Gedanken erhalten dann eine langfristige Dauer und das Leben bekommt eine tiefgr\u00fcndigere Bedeutung.\u00a0 Der Alltag belastet uns weniger und \u00c4nste bekommen die Chance, sich zu wandeln. Die Freude am Leben und am Miteinander kann wachsen. Die inneren Gewichtungen, die Stress und Unruhe verursachen k\u00f6nnen, erhalten die M\u00f6glichkeit, sich zu verschieden und Ruhe, Freiheit und Frieden mehr Raum zu geben. &nbsp; &nbsp; Kristall-Caoches &#8211; Dein heilerisches Wissen &nbsp; Die kristallklare Transformationskraft des Nachthimmels hilft Dir, im Alltag Dich und andere Menschen auf ihrem Weg zu unterst\u00fctzen. Die ganzheitliche Betrachtungsweise erm\u00f6glicht Dir, Blockaden im gesamten Energiesystem zu erkennen, zu l\u00f6sen und innere Wege zu \u00f6ffnen. Die Weite, Tiefe und Verbundenheit kann sp\u00fcrbar und erfahrbar werden und neue Ideen k\u00f6nnen entstehen. &nbsp; Im Seminar wirst Du an deine schlummernden F\u00e4higkeiten gef\u00fchrt und mit Deiner Wissensbibliothek verbunden Dabei k\u00f6nnen sich alte Hindernisse l\u00f6sen und M\u00f6glichkeiten und Potentiale in Dir frei werden, die bisher verborgen in Dir geschlummert haben. &nbsp; Kristall-Schamanen &#8211; Dein schamanisches Wissen &nbsp; Die Erde ver\u00e4ndert sich und ihre Schwingung wird eine h\u00f6here. Die neuen Schwingungen gleiten durch sogenannte kristalline Energiebahnen, die eine h\u00f6here Frequenz erm\u00f6glichen. Kristalline Kraftpl\u00e4tze und G\u00e4rten entstehen und viele schlummernde Kraftpl\u00e4tze erwachen zum Leben. &nbsp; In allen Menschen schlummern diese kristallinen Kommunikationskan\u00e4le zur Natur, die es erm\u00f6glichen, mit der Natur und der Erde auf einer neuen inneren Ebene wie mit Menschen zu kommunizieren. Oft sind diese Kan\u00e4le eingeschlafen und funktionieren nicht mehr richtig. Die Weite und der Frieden des Nachthimmels helfen, diese kristallinen Kan\u00e4le zu \u00f6ffnen, so dass das Wahrnehmen der Natur und ihren Wesen und die Verbindung zu ihnen tiefer wird. Viele Esswaren k\u00f6nnen damit gereinigt werden, neue Kratpl\u00e4tze k\u00f6nnen einfacher erkannt und genossen werden oder die Kommunikation zu den uns umgebenden Wesen und der Erde kann vereinfacht werden.<\/p>\n<p class=\"continue-reading-button\"> <a class=\"continue-reading-link\" href=\"https:\/\/testen.brandan.ch\/?page_id=868\">Weiter lesen<i class=\"crycon-right-dir\"><\/i><\/a><\/p>\n","protected":false},"author":1,"featured_media":0,"parent":0,"menu_order":0,"comment_status":"closed","ping_status":"closed","template":"","meta":{"footnotes":""},"class_list":["post-868","page","type-page","status-publish","hentry"],"_links":{"self":[{"href":"https:\/\/testen.brandan.ch\/index.php?rest_route=\/wp\/v2\/pages\/868","targetHints":{"allow":["GET"]}}],"collection":[{"href":"https:\/\/testen.brandan.ch\/index.php?rest_route=\/wp\/v2\/pages"}],"about":[{"href":"https:\/\/testen.brandan.ch\/index.php?rest_route=\/wp\/v2\/types\/page"}],"author":[{"embeddable":true,"href":"https:\/\/testen.brandan.ch\/index.php?rest_route=\/wp\/v2\/users\/1"}],"replies":[{"embeddable":true,"href":"https:\/\/testen.brandan.ch\/index.php?rest_route=%2Fwp%2Fv2%2Fcomments&post=868"}],"version-history":[{"count":27,"href":"https:\/\/testen.brandan.ch\/index.php?rest_route=\/wp\/v2\/pages\/868\/revisions"}],"predecessor-version":[{"id":987,"href":"https:\/\/testen.brandan.ch\/index.php?rest_route=\/wp\/v2\/pages\/868\/revisions\/987"}],"wp:attachment":[{"href":"https:\/\/testen.brandan.ch\/index.php?rest_route=%2Fwp%2Fv2%2Fmedia&parent=868"}],"curies":[{"name":"wp","href":"https:\/\/api.w.org\/{rel}","templated":true}]}}