{"id":436,"date":"2021-07-16T17:59:29","date_gmt":"2021-07-16T15:59:29","guid":{"rendered":"https:\/\/testen.brandan.ch\/?page_id=436"},"modified":"2026-04-04T16:44:01","modified_gmt":"2026-04-04T14:44:01","slug":"startseite","status":"publish","type":"page","link":"https:\/\/testen.brandan.ch\/","title":{"rendered":"Startseite"},"content":{"rendered":"<p>&nbsp;<\/p>\r\n<!-- \/wp:post-content -->\r\n<div class=\"wp-block-columns\"><!-- wp:column -->\r\n<div class=\"wp-block-column\"><!-- wp:heading --><\/div>\r\n<\/div>\r\n<!-- \/wp:heading -->\r\n\r\n<!-- wp:heading {\"level\":3,\"align\":\"center\",\"openPopupId\":\"787\"} \/-->\r\n\r\n<!-- wp:heading {\"level\":3,\"align\":\"center\"} -->\r\n<h1 class=\"wp-block-heading\" style=\"text-align: center;\">Herzlich Willkommen<\/h1>\r\n<!-- \/wp:heading -->\r\n\r\n<!-- wp:heading -->\r\n<p>&nbsp;<\/p>\r\n<p>Betriebswirtschaft heisst, ein Buch in Zahlen zu schreiben. In diesem Buch sollte die Geschichte Deines Unternehmens stehen. Je pr\u00e4ziser die Geschichte aufgeschrieben ist, umso pr\u00e4ziser lasst sich aus der Geschichte lernen.<\/p>\r\n<p>Gerne helfe ich Dir, die Grundlagen f\u00fcr Deine Geschichte aufzubauen oder neu zu organisieren.<\/p>\r\n<h1>R\u00e4ume beeinflussen Menschen<\/h1>\r\n<p><a href=\"#umnutz\">Umnutzung<\/a><\/p>\r\n<p><a href=\"#vorkomm\">Vorkommnisse<\/a><\/p>\r\n<p>Die meisten kennen die Erfahrung, dass R\u00e4ume die Gef\u00fchlslage von Menschen beeinflussen k\u00f6nnen. Oft hat man erlebt, dass man irgendwo hin geht und denkt \u201eOhh, wo bin ich denn hier gelandet, ich m\u00f6chte grad wieder gehen, ich f\u00fchle mich hier so komisch\u201c oder \u201eOh, hier bleibe ich f\u00fcr immer weil ich mich so wohl f\u00fchle\u201c.<\/p>\r\n<p>&nbsp;<\/p>\r\n<p>Dieses Gef\u00fchlslage entsteht durch die Wirkung der Energiefl\u00fcsse eines Raumes. Sie bilden den Charakter eines Raumes und bewirken dass man sich besser und wohler oder unwohl f\u00fchlt. Sie entsteht unabh\u00e4ngig von der Einrichtung.<\/p>\r\n<p>&nbsp;<\/p>\r\n<p>In einem Raum der Entspanntheit, gl\u00fcchlich sein oder wohlf\u00fchlen f\u00f6rdert ist es wesentlich einfacher miteinander zusammen zu sein und miteinander zu leben. Reibereien, Streit oder Diskussionen werden entspannter, menschlicher und toleranter. Es ist einfacher miteinander zu sein und sich zu entwickeln. Das gilt sowohl f\u00fcr Wohnr\u00e4ume, Gewerbsr\u00e4ume oder Praxisr\u00e4ume.<\/p>\r\n<p>&nbsp;<\/p>\r\n<p>Selbsstverst\u00e4ndlich soll jeder Raum auch zweckm\u00e4ssig und individuell gef\u00e4llig eingerichtet und gestaltet Je nach Zweck ist die Einrichtung selbstverst\u00e4ndlich angepasst und kann einen sehr per\u00f6nlichen Chrakter haben.<\/p>\r\n<p>&nbsp;<\/p>\r\n<p>&nbsp;<\/p>\r\n<h4 id=\"\u201cumnutzung\u201c\"><a id=\"umnutz\"><\/a>Umnutzung<\/h4>\r\n<p>.<\/p>\r\n<p>&nbsp;<\/p>\r\n<p>Eine Umnutzung liegt vor, wenn R\u00e4ume von Anderen oder zu einem neuen Zweck verwendet werden. Der h\u00e4ufigste Fall von Umnutzung sind Mieterwechsel in Wohnungen. Ein weiterer Fall liegt vor, wenn R\u00e4ume zu einem neuen Zweck verwendet werden. Zum Beispiel wenn aus ehemaligen Industriebauten Wohnr\u00e4ume (Lofts) erstellt werden. Die Liste von Umnutzungen kann endlos weiter gef\u00fchrt werden.<\/p>\r\n<p>&nbsp;<\/p>\r\n<p>Die bisherigen T\u00e4tigkeiten oder individuellen Gef\u00fchle von Bewohnern speichern sich im Charakter eines Raumes. Da sich der Charakter eines Raumes nur sehr tr\u00e4ge ver\u00e4ndert kann es sein, dass Nachmieter mitden pers\u00f6nlichen Schwierigkeiten von Vormietern konfrontiert und beeinslusstwerden. Da dies meistens unbewusst vor sich geht, ist es oft schwierig festzustellen.<\/p>\r\n<p>&nbsp;<\/p>\r\n<p>Beispiele:<\/p>\r\n<p>Die meisten kennen aus Erfahrung, dass man Freunde besuchen geht, in ihre Wohnung kommt und denkt: \u201eOh.. heute bin ich hier falsch. Ich glaube die haben Zoff\u201c. Man sp\u00fcrt die Spannung im Raum. Normalerweise verfl\u00fcchtigt sich dies wieder. Falss es joch h\u00e4ufiger vorkommt kann es sein, dass sich diese Spannungen im Raum-Charakter festsetzen und nachmieter mit diesen Spannungen konfrontiert werden und \u00fcberm\u00e4ssig Streit bekommen.<\/p>\r\n<p>Ein Industriegeb\u00e4ude welches in ein Loft verwandelt wurde, tr\u00e4gt oft noch die alte Industriekultur in sich. Die Bewohner werden dann mit dieser Industriekultur konfrontiert, welche sich auf Beziehungen auswirken kann.<\/p>\r\n<p>Ich hatte auch einen Praxisfall eines Verkaufsladens f\u00fcr Bastelartikel. Die Inhaberin hat sich vergr\u00f6ssert und einen Raum in einer Kantine eines stillgelegten Produktionsbetriebes angemietet. Nach dem Umzug blieben die Kunden aus. Die Erkl\u00e4rung: Im alten Raum f\u00fchlte man sich gem\u00fctlich und kuschelig und konnte in Ruhe die Basstelartikel aussuchen. Am neuen Ort f\u00fchlte man sich wie in einer Kantine (obwohl die Einrichtung die gleiche war) und es entsprach nicht mehr den Bed\u00fcrfnissen von Kunden, die rumst\u00f6bern wollten.<\/p>\r\n<p>&nbsp;<\/p>\r\n<h4><a id=\"vorkomm\"><\/a>Vorkommnisse<\/h4>\r\n<p>&nbsp;<\/p>\r\n<p>Vorkommnisse k\u00f6nnen sich langfristig im Charakter eines Raumes speichern und die Bewohner damit konfrontieren und belasten. Solche Belastungen k\u00f6nnen mit Raum-Aklupunktur Feng Shui gel\u00f6st werden.<\/p>\r\n<p>Beispiel:<\/p>\r\n<p>Mein erster Auftrag f\u00fcr Raum-Akupunktur f\u00fchrte mich in ein Einfamilienhaus mit einem Raum in dem ein Selbsstmord stattfand. Der Raum war als Spielzimmer f\u00fcr die Kinder gedacht, wurde jecoh von allen gemieden, weil sich alle darin unwohl f\u00fchlten und die alten Vorkommnisse noch sp\u00fcrten. Nach der Raum-Akupunktur konnte der Raum normal wie angedacht benutzt werden.<\/p>\r\n<p>&nbsp;<\/p>\r\n<p><img loading=\"lazy\" decoding=\"async\" class=\"wp-image-1016 alignleft\" src=\"https:\/\/testen.brandan.ch\/wp-content\/uploads\/2022\/08\/brandan_1.jpg\" alt=\"\" width=\"122\" height=\"100\" srcset=\"https:\/\/testen.brandan.ch\/wp-content\/uploads\/2022\/08\/brandan_1.jpg 937w, https:\/\/testen.brandan.ch\/wp-content\/uploads\/2022\/08\/brandan_1-300x246.jpg 300w, https:\/\/testen.brandan.ch\/wp-content\/uploads\/2022\/08\/brandan_1-150x123.jpg 150w, https:\/\/testen.brandan.ch\/wp-content\/uploads\/2022\/08\/brandan_1-768x629.jpg 768w\" sizes=\"auto, (max-width: 122px) 100vw, 122px\" \/><\/p>\r\n<p><strong>Brandan Marcel Hegi<\/strong><\/p>\r\n<p>Betriebswirtschaft\/ Coaching \/ Feng Shui<br \/>Tel\/Whattsapp\/Telegram:+41 (0)79 270 15 30<br \/>Mail: brandan@brandan.ch<\/p>\r\n<p>&nbsp;<\/p>\r\n<p>&nbsp;<\/p>\r\n<h4><!-- \/wp:heading --><\/h4>\r\n<p>&nbsp;<\/p>\r\n<h4 id=\"umnutzung&gt;Umnutzung&lt;\/h4\"><!-- wp:paragraph --><\/h4><!-- \/wp:paragraph --><!-- \/wp:column -->\r\n\r\n<!-- wp:columns -->\r\n<div class=\"wp-block-columns\"><!-- wp:column -->\r\n<div class=\"wp-block-column\"><!-- wp:heading --><\/div>\r\n<\/div>\r\n<!-- \/wp:list -->\r\n\r\n<!-- wp:heading {\"level\":3,\"align\":\"center\",\"openPopupId\":\"787\"} --><!-- \/wp:heading -->\r\n\r\n<!-- wp:heading {\"level\":3,\"align\":\"center\"} -->\r\n<h1 class=\"wp-block-heading\" style=\"text-align: center;\">Herzlich Willkommen<\/h1>\r\n<!-- \/wp:heading -->\r\n\r\n<!-- wp:heading -->\r\n<p>&nbsp;<\/p>\r\n<p>Betriebswirtschaft heisst, ein Buch in Zahlen zu schreiben. In diesem Buch sollte die Geschichte Deines Unternehmens stehen. Je pr\u00e4ziser die Geschichte aufgeschrieben ist, umso pr\u00e4ziser lasst sich aus der Geschichte lernen.<\/p>\r\n<p>Gerne helfe ich Dir, die Grundlagen f\u00fcr Deine Geschichte aufzubauen oder neu zu organisieren.<\/p>\r\n<h1>R\u00e4ume beeinflussen Menschen<\/h1>\r\n<p><a href=\"#umnutz\">Umnutzung<\/a><\/p>\r\n<p><a href=\"#vorkomm\">Vorkommnisse<\/a><\/p>\r\n<p>Die meisten kennen die Erfahrung, dass R\u00e4ume die Gef\u00fchlslage von Menschen beeinflussen k\u00f6nnen. Oft hat man erlebt, dass man irgendwo hin geht und denkt \u201eOhh, wo bin ich denn hier gelandet, ich m\u00f6chte grad wieder gehen, ich f\u00fchle mich hier so komisch\u201c oder \u201eOh, hier bleibe ich f\u00fcr immer weil ich mich so wohl f\u00fchle\u201c.<\/p>\r\n<p>&nbsp;<\/p>\r\n<p>Dieses Gef\u00fchlslage entsteht durch die Wirkung der Energiefl\u00fcsse eines Raumes. Sie bilden den Charakter eines Raumes und bewirken dass man sich besser und wohler oder unwohl f\u00fchlt. Sie entsteht unabh\u00e4ngig von der Einrichtung.<\/p>\r\n<p>&nbsp;<\/p>\r\n<p>In einem Raum der Entspanntheit, gl\u00fcchlich sein oder wohlf\u00fchlen f\u00f6rdert ist es wesentlich einfacher miteinander zusammen zu sein und miteinander zu leben. Reibereien, Streit oder Diskussionen werden entspannter, menschlicher und toleranter. Es ist einfacher miteinander zu sein und sich zu entwickeln. Das gilt sowohl f\u00fcr Wohnr\u00e4ume, Gewerbsr\u00e4ume oder Praxisr\u00e4ume.<\/p>\r\n<p>&nbsp;<\/p>\r\n<p>Selbsstverst\u00e4ndlich soll jeder Raum auch zweckm\u00e4ssig und individuell gef\u00e4llig eingerichtet und gestaltet Je nach Zweck ist die Einrichtung selbstverst\u00e4ndlich angepasst und kann einen sehr per\u00f6nlichen Chrakter haben.<\/p>\r\n<p>&nbsp;<\/p>\r\n<p>&nbsp;<\/p>\r\n<h4 id=\"\u201cumnutzung\u201c\"><a id=\"umnutz\"><\/a>Umnutzung<\/h4>\r\n<p>.<\/p>\r\n<p>&nbsp;<\/p>\r\n<p>Eine Umnutzung liegt vor, wenn R\u00e4ume von Anderen oder zu einem neuen Zweck verwendet werden. Der h\u00e4ufigste Fall von Umnutzung sind Mieterwechsel in Wohnungen. Ein weiterer Fall liegt vor, wenn R\u00e4ume zu einem neuen Zweck verwendet werden. Zum Beispiel wenn aus ehemaligen Industriebauten Wohnr\u00e4ume (Lofts) erstellt werden. Die Liste von Umnutzungen kann endlos weiter gef\u00fchrt werden.<\/p>\r\n<p>&nbsp;<\/p>\r\n<p>Die bisherigen T\u00e4tigkeiten oder individuellen Gef\u00fchle von Bewohnern speichern sich im Charakter eines Raumes. Da sich der Charakter eines Raumes nur sehr tr\u00e4ge ver\u00e4ndert kann es sein, dass Nachmieter mitden pers\u00f6nlichen Schwierigkeiten von Vormietern konfrontiert und beeinslusstwerden. Da dies meistens unbewusst vor sich geht, ist es oft schwierig festzustellen.<\/p>\r\n<p>&nbsp;<\/p>\r\n<p>Beispiele:<\/p>\r\n<p>Die meisten kennen aus Erfahrung, dass man Freunde besuchen geht, in ihre Wohnung kommt und denkt: \u201eOh.. heute bin ich hier falsch. Ich glaube die haben Zoff\u201c. Man sp\u00fcrt die Spannung im Raum. Normalerweise verfl\u00fcchtigt sich dies wieder. Falss es joch h\u00e4ufiger vorkommt kann es sein, dass sich diese Spannungen im Raum-Charakter festsetzen und nachmieter mit diesen Spannungen konfrontiert werden und \u00fcberm\u00e4ssig Streit bekommen.<\/p>\r\n<p>Ein Industriegeb\u00e4ude welches in ein Loft verwandelt wurde, tr\u00e4gt oft noch die alte Industriekultur in sich. Die Bewohner werden dann mit dieser Industriekultur konfrontiert, welche sich auf Beziehungen auswirken kann.<\/p>\r\n<p>Ich hatte auch einen Praxisfall eines Verkaufsladens f\u00fcr Bastelartikel. Die Inhaberin hat sich vergr\u00f6ssert und einen Raum in einer Kantine eines stillgelegten Produktionsbetriebes angemietet. Nach dem Umzug blieben die Kunden aus. Die Erkl\u00e4rung: Im alten Raum f\u00fchlte man sich gem\u00fctlich und kuschelig und konnte in Ruhe die Basstelartikel aussuchen. Am neuen Ort f\u00fchlte man sich wie in einer Kantine (obwohl die Einrichtung die gleiche war) und es entsprach nicht mehr den Bed\u00fcrfnissen von Kunden, die rumst\u00f6bern wollten.<\/p>\r\n<p>&nbsp;<\/p>\r\n<h4><a id=\"vorkomm\"><\/a>Vorkommnisse<\/h4>\r\n<p>&nbsp;<\/p>\r\n<p>Vorkommnisse k\u00f6nnen sich langfristig im Charakter eines Raumes speichern und die Bewohner damit konfrontieren und belasten. Solche Belastungen k\u00f6nnen mit Raum-Aklupunktur Feng Shui gel\u00f6st werden.<\/p>\r\n<p>Beispiel:<\/p>\r\n<p>Mein erster Auftrag f\u00fcr Raum-Akupunktur f\u00fchrte mich in ein Einfamilienhaus mit einem Raum in dem ein Selbsstmord stattfand. Der Raum war als Spielzimmer f\u00fcr die Kinder gedacht, wurde jecoh von allen gemieden, weil sich alle darin unwohl f\u00fchlten und die alten Vorkommnisse noch sp\u00fcrten. Nach der Raum-Akupunktur konnte der Raum normal wie angedacht benutzt werden.<\/p>\r\n<p>&nbsp;<\/p>\r\n<p><img loading=\"lazy\" decoding=\"async\" class=\"wp-image-1016 alignleft\" src=\"https:\/\/testen.brandan.ch\/wp-content\/uploads\/2022\/08\/brandan_1.jpg\" alt=\"\" width=\"122\" height=\"100\" srcset=\"https:\/\/testen.brandan.ch\/wp-content\/uploads\/2022\/08\/brandan_1.jpg 937w, https:\/\/testen.brandan.ch\/wp-content\/uploads\/2022\/08\/brandan_1-300x246.jpg 300w, https:\/\/testen.brandan.ch\/wp-content\/uploads\/2022\/08\/brandan_1-150x123.jpg 150w, https:\/\/testen.brandan.ch\/wp-content\/uploads\/2022\/08\/brandan_1-768x629.jpg 768w\" sizes=\"auto, (max-width: 122px) 100vw, 122px\" \/><\/p>\r\n<p><strong>Brandan Marcel Hegi<\/strong><\/p>\r\n<p>Betriebswirtschaft\/ Coaching \/ Feng Shui<br \/>Tel\/Whattsapp\/Telegram:+41 (0)79 270 15 30<br \/>Mail: brandan@brandan.ch<\/p>\r\n<p>&nbsp;<\/p>\r\n<p>&nbsp;<\/p>\r\n<h4><!-- \/wp:heading --><\/h4>\r\n<p>&nbsp;<\/p>\r\n<h4 id=\"umnutzung&gt;Umnutzung&lt;\/h4\"><!-- wp:paragraph --><\/h4><!-- \/wp:post-content -->","protected":false},"excerpt":{"rendered":"<p>&nbsp; Herzlich Willkommen &nbsp; Betriebswirtschaft heisst, ein Buch in Zahlen zu schreiben. In diesem Buch sollte die Geschichte Deines Unternehmens stehen. Je pr\u00e4ziser die Geschichte aufgeschrieben ist, umso pr\u00e4ziser lasst sich aus der Geschichte lernen. Gerne helfe ich Dir, die Grundlagen f\u00fcr Deine Geschichte aufzubauen oder neu zu organisieren. R\u00e4ume beeinflussen Menschen Umnutzung Vorkommnisse Die meisten kennen die Erfahrung, dass R\u00e4ume die Gef\u00fchlslage von Menschen beeinflussen k\u00f6nnen. Oft hat man erlebt, dass man irgendwo hin geht und denkt \u201eOhh, wo bin ich denn hier gelandet, ich m\u00f6chte grad wieder gehen, ich f\u00fchle mich hier so komisch\u201c oder \u201eOh, hier bleibe ich f\u00fcr immer weil ich mich so wohl f\u00fchle\u201c. &nbsp; Dieses Gef\u00fchlslage entsteht durch die Wirkung der Energiefl\u00fcsse eines Raumes. Sie bilden den Charakter eines Raumes und bewirken dass man sich besser und wohler oder unwohl f\u00fchlt. Sie entsteht unabh\u00e4ngig von der Einrichtung. &nbsp; In einem Raum der Entspanntheit, gl\u00fcchlich sein oder wohlf\u00fchlen f\u00f6rdert ist es wesentlich einfacher miteinander zusammen zu sein und miteinander zu leben. Reibereien, Streit oder Diskussionen werden entspannter, menschlicher und toleranter. Es ist einfacher miteinander zu sein und sich zu entwickeln. Das gilt sowohl f\u00fcr Wohnr\u00e4ume, Gewerbsr\u00e4ume oder Praxisr\u00e4ume. &nbsp; Selbsstverst\u00e4ndlich soll jeder Raum auch zweckm\u00e4ssig und individuell gef\u00e4llig eingerichtet und gestaltet Je nach Zweck ist die Einrichtung selbstverst\u00e4ndlich angepasst und kann einen sehr per\u00f6nlichen Chrakter haben. &nbsp; &nbsp; Umnutzung . &nbsp; Eine Umnutzung liegt vor, wenn R\u00e4ume von Anderen oder zu einem neuen Zweck verwendet werden. Der h\u00e4ufigste Fall von Umnutzung sind Mieterwechsel in Wohnungen. Ein weiterer Fall liegt vor, wenn R\u00e4ume zu einem neuen Zweck verwendet werden. Zum Beispiel wenn aus ehemaligen Industriebauten Wohnr\u00e4ume (Lofts) erstellt werden. Die Liste von Umnutzungen kann endlos weiter gef\u00fchrt werden. &nbsp; Die bisherigen T\u00e4tigkeiten oder individuellen Gef\u00fchle von Bewohnern speichern sich im Charakter eines Raumes. Da sich der Charakter eines Raumes nur sehr tr\u00e4ge ver\u00e4ndert kann es sein, dass Nachmieter mitden pers\u00f6nlichen Schwierigkeiten von Vormietern konfrontiert und beeinslusstwerden. Da dies meistens unbewusst vor sich geht, ist es oft schwierig festzustellen. &nbsp; Beispiele: Die meisten kennen aus Erfahrung, dass man Freunde besuchen geht, in ihre Wohnung kommt und denkt: \u201eOh.. heute bin ich hier falsch. Ich glaube die haben Zoff\u201c. Man sp\u00fcrt die Spannung im Raum. Normalerweise verfl\u00fcchtigt sich dies wieder. Falss es joch h\u00e4ufiger vorkommt kann es sein, dass sich diese Spannungen im Raum-Charakter festsetzen und nachmieter mit diesen Spannungen konfrontiert werden und \u00fcberm\u00e4ssig Streit bekommen. Ein Industriegeb\u00e4ude welches in ein Loft verwandelt wurde, tr\u00e4gt oft noch die alte Industriekultur in sich. Die Bewohner werden dann mit dieser Industriekultur konfrontiert, welche sich auf Beziehungen auswirken kann. Ich hatte auch einen Praxisfall eines Verkaufsladens f\u00fcr Bastelartikel. Die Inhaberin hat sich vergr\u00f6ssert und einen Raum in einer Kantine eines stillgelegten Produktionsbetriebes angemietet. Nach dem Umzug blieben die Kunden aus. Die Erkl\u00e4rung: Im alten Raum f\u00fchlte man sich gem\u00fctlich und kuschelig und konnte in Ruhe die Basstelartikel aussuchen. Am neuen Ort f\u00fchlte man sich wie in einer Kantine (obwohl die Einrichtung die gleiche war) und es entsprach nicht mehr den Bed\u00fcrfnissen&#8230;<\/p>\n<p class=\"continue-reading-button\"> <a class=\"continue-reading-link\" href=\"https:\/\/testen.brandan.ch\/\">Weiter lesen<i class=\"crycon-right-dir\"><\/i><\/a><\/p>\n","protected":false},"author":1,"featured_media":0,"parent":0,"menu_order":0,"comment_status":"closed","ping_status":"closed","template":"templates\/template-twocolumns-left.php","meta":{"footnotes":""},"class_list":["post-436","page","type-page","status-publish","hentry"],"_links":{"self":[{"href":"https:\/\/testen.brandan.ch\/index.php?rest_route=\/wp\/v2\/pages\/436","targetHints":{"allow":["GET"]}}],"collection":[{"href":"https:\/\/testen.brandan.ch\/index.php?rest_route=\/wp\/v2\/pages"}],"about":[{"href":"https:\/\/testen.brandan.ch\/index.php?rest_route=\/wp\/v2\/types\/page"}],"author":[{"embeddable":true,"href":"https:\/\/testen.brandan.ch\/index.php?rest_route=\/wp\/v2\/users\/1"}],"replies":[{"embeddable":true,"href":"https:\/\/testen.brandan.ch\/index.php?rest_route=%2Fwp%2Fv2%2Fcomments&post=436"}],"version-history":[{"count":158,"href":"https:\/\/testen.brandan.ch\/index.php?rest_route=\/wp\/v2\/pages\/436\/revisions"}],"predecessor-version":[{"id":1276,"href":"https:\/\/testen.brandan.ch\/index.php?rest_route=\/wp\/v2\/pages\/436\/revisions\/1276"}],"wp:attachment":[{"href":"https:\/\/testen.brandan.ch\/index.php?rest_route=%2Fwp%2Fv2%2Fmedia&parent=436"}],"curies":[{"name":"wp","href":"https:\/\/api.w.org\/{rel}","templated":true}]}}